{"id":665,"date":"2025-09-15T10:22:13","date_gmt":"2025-09-15T09:22:13","guid":{"rendered":"https:\/\/www.valomatex.com\/internationaler-handel\/"},"modified":"2025-09-24T13:06:22","modified_gmt":"2025-09-24T12:06:22","slug":"internationaler-handel","status":"publish","type":"page","link":"https:\/\/www.valomatex.com\/de\/internationaler-handel\/","title":{"rendered":"Internationaler Handel"},"content":{"rendered":"\n<section class=\"min-h-screen flex flex-col gap-6 lg:flex-row items-center w-full pt-40 lg:pt-0\">\n    <div class=\"limited-content\">\n        <div class=\"lg:w-1\/2 lg:pr-16 flex flex-col\">\n            \n\n<h1><mark style=\"background-color:rgba(0, 0, 0, 0)\" class=\"has-inline-color has-primary-color\">Internationaler <\/mark>Handel<\/h1>\n\n\n\n<p>Vor kurzem hat VALOMATEX seine Aktivit\u00e4ten erweitert und ein Angebot f\u00fcr den internationalen Handel mit Nicht-Rohstoffen entwickelt. Erg\u00e4nzend zu unserem historischen Know-how erm\u00f6glicht uns diese neue T\u00e4tigkeit, unsere Kunden auf strategischen M\u00e4rkten zu begleiten.<\/p>\n\n\n\n<p>Unsere wichtigsten Verpflichtungen :<\/p>\n\n\n\n<ul>\n<li><strong>Ma\u00dfgeschneiderter Ansatz<\/strong>: Wir kennen die Vorteile und das Potenzial unserer Produkte und bieten Ihnen eine kompetente Beratung.<\/li>\n\n\n\n<li><strong>R\u00fcckverfolgbarkeit und Konformit\u00e4t<\/strong>: Alle Waren werden w\u00e4hrend ihres Transports mit der erforderlichen Sorgfalt und Transparenz verfolgt.<\/li>\n\n\n\n<li><strong>Logistik und N\u00e4he<\/strong>: Unsere Lager auf beiden Seiten des Mittelmeers garantieren Ihnen schnelle Lieferungen.<\/li>\n<\/ul>\n\n\n\n<p><\/p>\n\n\n\n<p>Wir bieten eine breite Palette an Materialien an: Polymere, Elastomere, Kohlenwasserstoffharze, Naturharze, Wachse f\u00fcr zahlreiche Branchen:<\/p>\n\n\n\n<ul>\n<li><strong>Klebstoffe<\/strong><\/li>\n\n\n\n<li><strong>Spachtelmassen<\/strong><\/li>\n\n\n\n<li><strong>Caoutchoucs<\/strong><\/li>\n\n\n\n<li><strong>Bitumen<\/strong><\/li>\n\n\n\n<li><strong>Beschichtungen<\/strong><\/li>\n\n\n\n<li><strong>Schuhe<\/strong><\/li>\n<\/ul>\n\n\n        <\/div>\n    <\/div>\n            <div class=\"lg:h-full lg:-translate-y-20 lg:absolute lg:top-0 lg:left-1\/2 px-4 lg:px-0\">\n            <img decoding=\"async\" class=\"styled-image h-full w-auto object-cover object-center\" src=\"https:\/\/www.valomatex.com\/wp-content\/uploads\/2025\/09\/AdobeStock_117739310-1-Converti-scaled.jpg\" alt=\"carte-monde-flux\">\n        <\/div>\n    <\/section>","protected":false},"excerpt":{"rendered":"","protected":false},"author":2,"featured_media":0,"parent":0,"menu_order":0,"comment_status":"closed","ping_status":"closed","template":"","meta":{"inline_featured_image":false},"acf":[],"yoast_head":"<!-- This site is optimized with the Yoast SEO plugin v20.3 - https:\/\/yoast.com\/wordpress\/plugins\/seo\/ -->\n<title>Internationaler Handel - Valomatex<\/title>\n<meta name=\"robots\" content=\"index, follow, max-snippet:-1, max-image-preview:large, max-video-preview:-1\" \/>\n<link rel=\"canonical\" href=\"https:\/\/www.valomatex.com\/de\/internationaler-handel\/\" \/>\n<meta property=\"og:locale\" content=\"de_DE\" \/>\n<meta property=\"og:type\" content=\"article\" \/>\n<meta property=\"og:title\" content=\"Internationaler Handel - Valomatex\" \/>\n<meta property=\"og:url\" content=\"https:\/\/www.valomatex.com\/de\/internationaler-handel\/\" \/>\n<meta property=\"og:site_name\" content=\"Valomatex\" \/>\n<meta property=\"article:modified_time\" content=\"2025-09-24T12:06:22+00:00\" \/>\n<meta name=\"twitter:card\" content=\"summary_large_image\" \/>\n<meta name=\"twitter:label1\" content=\"Est. reading time\" \/>\n\t<meta name=\"twitter:data1\" content=\"1 minute\" \/>\n<script type=\"application\/ld+json\" class=\"yoast-schema-graph\">{\"@context\":\"https:\/\/schema.org\",\"@graph\":[{\"@type\":\"WebPage\",\"@id\":\"https:\/\/www.valomatex.com\/de\/internationaler-handel\/\",\"url\":\"https:\/\/www.valomatex.com\/de\/internationaler-handel\/\",\"name\":\"Internationaler Handel - Valomatex\",\"isPartOf\":{\"@id\":\"https:\/\/www.valomatex.com\/de\/#website\"},\"datePublished\":\"2025-09-15T09:22:13+00:00\",\"dateModified\":\"2025-09-24T12:06:22+00:00\",\"inLanguage\":\"de-DE\",\"potentialAction\":[{\"@type\":\"ReadAction\",\"target\":[\"https:\/\/www.valomatex.com\/de\/internationaler-handel\/\"]}]},{\"@type\":\"WebSite\",\"@id\":\"https:\/\/www.valomatex.com\/de\/#website\",\"url\":\"https:\/\/www.valomatex.com\/de\/\",\"name\":\"Valomatex\",\"description\":\"Une place centrale dans l&#039;\u00e9conomie circulaire\",\"potentialAction\":[{\"@type\":\"SearchAction\",\"target\":{\"@type\":\"EntryPoint\",\"urlTemplate\":\"https:\/\/www.valomatex.com\/de\/?s={search_term_string}\"},\"query-input\":\"required name=search_term_string\"}],\"inLanguage\":\"de-DE\"}]}<\/script>\n<!-- \/ Yoast SEO plugin. -->","yoast_head_json":{"title":"Internationaler Handel - Valomatex","robots":{"index":"index","follow":"follow","max-snippet":"max-snippet:-1","max-image-preview":"max-image-preview:large","max-video-preview":"max-video-preview:-1"},"canonical":"https:\/\/www.valomatex.com\/de\/internationaler-handel\/","og_locale":"de_DE","og_type":"article","og_title":"Internationaler Handel - Valomatex","og_url":"https:\/\/www.valomatex.com\/de\/internationaler-handel\/","og_site_name":"Valomatex","article_modified_time":"2025-09-24T12:06:22+00:00","twitter_card":"summary_large_image","twitter_misc":{"Est. reading time":"1 minute"},"schema":{"@context":"https:\/\/schema.org","@graph":[{"@type":"WebPage","@id":"https:\/\/www.valomatex.com\/de\/internationaler-handel\/","url":"https:\/\/www.valomatex.com\/de\/internationaler-handel\/","name":"Internationaler Handel - Valomatex","isPartOf":{"@id":"https:\/\/www.valomatex.com\/de\/#website"},"datePublished":"2025-09-15T09:22:13+00:00","dateModified":"2025-09-24T12:06:22+00:00","inLanguage":"de-DE","potentialAction":[{"@type":"ReadAction","target":["https:\/\/www.valomatex.com\/de\/internationaler-handel\/"]}]},{"@type":"WebSite","@id":"https:\/\/www.valomatex.com\/de\/#website","url":"https:\/\/www.valomatex.com\/de\/","name":"Valomatex","description":"Une place centrale dans l&#039;\u00e9conomie circulaire","potentialAction":[{"@type":"SearchAction","target":{"@type":"EntryPoint","urlTemplate":"https:\/\/www.valomatex.com\/de\/?s={search_term_string}"},"query-input":"required name=search_term_string"}],"inLanguage":"de-DE"}]}},"_links":{"self":[{"href":"https:\/\/www.valomatex.com\/de\/wp-json\/wp\/v2\/pages\/665"}],"collection":[{"href":"https:\/\/www.valomatex.com\/de\/wp-json\/wp\/v2\/pages"}],"about":[{"href":"https:\/\/www.valomatex.com\/de\/wp-json\/wp\/v2\/types\/page"}],"author":[{"embeddable":true,"href":"https:\/\/www.valomatex.com\/de\/wp-json\/wp\/v2\/users\/2"}],"replies":[{"embeddable":true,"href":"https:\/\/www.valomatex.com\/de\/wp-json\/wp\/v2\/comments?post=665"}],"version-history":[{"count":6,"href":"https:\/\/www.valomatex.com\/de\/wp-json\/wp\/v2\/pages\/665\/revisions"}],"predecessor-version":[{"id":714,"href":"https:\/\/www.valomatex.com\/de\/wp-json\/wp\/v2\/pages\/665\/revisions\/714"}],"wp:attachment":[{"href":"https:\/\/www.valomatex.com\/de\/wp-json\/wp\/v2\/media?parent=665"}],"curies":[{"name":"wp","href":"https:\/\/api.w.org\/{rel}","templated":true}]}}