{"id":390,"date":"2023-02-27T09:44:17","date_gmt":"2023-02-27T08:44:17","guid":{"rendered":"https:\/\/www.valomatex.com\/quienes-somos\/"},"modified":"2025-10-02T09:17:57","modified_gmt":"2025-10-02T08:17:57","slug":"quienes-somos","status":"publish","type":"page","link":"https:\/\/www.valomatex.com\/es\/quienes-somos\/","title":{"rendered":"Qui\u00e9nes somos"},"content":{"rendered":"\n<section class=\"min-h-screen flex flex-col gap-6 lg:flex-row items-center w-full pt-40 lg:pt-0\">\n    <div class=\"limited-content\">\n        <div class=\"lg:w-1\/2 lg:pr-16 flex flex-col\">\n            \n\n<div style=\"height:100px\" aria-hidden=\"true\" class=\"wp-block-spacer\"><\/div>\n\n\n\n<h1 class=\"wp-block-heading has-large-font-size\">Qui\u00e9nes somos<\/h1>\n\n\n\n<p><\/p>\n\n\n\n<h4 class=\"wp-block-heading\"><mark style=\"background-color:rgba(0, 0, 0, 0)\" class=\"has-inline-color has-primary-color\">VALOMATEX <\/mark>es su socio para encontrar soluciones de valorizaci\u00f3n de todos sus materiales a trav\u00e9s de dos actividades clave: <\/h4>\n\n\n\n<p><\/p>\n\n\n\n<h1 class=\"has-large-font-size\"><strong><mark style=\"background-color:rgba(0, 0, 0, 0)\" class=\"has-inline-color has-primary-color\">Reciclaje y econom\u00eda circular<\/mark><\/strong><\/h1>\n\n\n\n<ul>\n<li><strong>Recogemos y recuperamos<\/strong> materiales con nuestros socios transformadores y productores y convertimos los desechos y las existencias inactivas en una nueva materia prima.<\/li>\n\n\n\n<li><strong>Caracterizar y cualificar<\/strong> los materiales con una preocupaci\u00f3n constante por la calidad<\/li>\n\n\n\n<li>Garantizar a nuestros clientes la recuperaci\u00f3n de sus materiales (con un <strong>certificado de recuperaci\u00f3n<\/strong>)<\/li>\n\n\n\n<li>Proporcionar una <strong>oferta complementaria y t\u00e9cnica<\/strong> a la oferta existente de materias primas<\/li>\n\n\n\n<li>Poner <strong>nuestra experiencia y conocimiento de los materiales<\/strong> al servicio de las necesidades y proyectos de nuestros clientes<\/li>\n<\/ul>\n\n\n\n<p><\/p>\n\n\n\n<h1 class=\"has-large-font-size\"><strong><mark style=\"background-color:rgba(0, 0, 0, 0)\" class=\"has-inline-color has-primary-color\">Comercio internacional<\/mark><\/strong><\/h1>\n\n\n\n<p>Nuestra actividad comercial internacional completa nuestra oferta para acompa\u00f1arle de forma m\u00e1s eficaz y ofrecerle soluciones de valorizaci\u00f3n adaptadas a sus necesidades: <\/p>\n\n\n\n<ul>\n<li><strong>Una amplia gama de productos<\/strong>: pol\u00edmeros (SBS, SEBS, SIS&#8230;), elast\u00f3meros (EPDM), resinas hidrocarburas (C5, C9&#8230;), resinas naturales (terp\u00e9nicas) y ceras.<\/li>\n\n\n\n<li><strong>Acompa\u00f1ar a los actores de numerosos sectores<\/strong>: adhesivos, caucho, bet\u00fan, revestimientos y calzado.<\/li>\n<\/ul>\n\n\n\n<p>Reforzar nuestra presencia en los mercados internacionales con una <strong>presencia significativa en Europa, Oriente Medio, Norte de \u00c1frica y Asia.<\/strong><\/p>\n\n\n        <\/div>\n    <\/div>\n            <div class=\"lg:h-full lg:-translate-y-20 lg:absolute lg:top-0 lg:left-1\/2 px-4 lg:px-0\">\n            <img decoding=\"async\" class=\"styled-image h-full w-auto object-cover object-center\" src=\"https:\/\/www.valomatex.com\/wp-content\/uploads\/2023\/04\/Valomatex_quisommesnous.jpg\" alt=\"\">\n        <\/div>\n    <\/section>\n\n\n<div class=\"is-vertical is-content-justification-center is-layout-flex wp-container-1 wp-block-group\">\n<h4><br><strong>Granulados Pl\u00e1sticos Industriales (GPI) &#8211; Decreto 2021-461<\/strong><\/h4>\n\n\n\n<p class=\"has-text-align-center has-small-font-size\">La entidad certificadora EURO-QUALIY SYSTEM ha auditado a la empresa VALOMATEX en relaci\u00f3n con su pol\u00edtica de prevenci\u00f3n de la p\u00e9rdida de gr\u00e1nulos de pl\u00e1stico.<br>La conclusi\u00f3n de la evaluaci\u00f3n de conformidad demuestra que se cumple el decreto en las dos sedes de la empresa VALOMATEX, situadas en 6, rue de l\u2019Industrie \u2013 68126 BENNWIHR-GARE.<\/p>\n\n\n\n<p class=\"has-text-align-center has-small-font-size\">EURO-QUALIY SYSTEM aporta los siguientes comentarios a su auditor\u00eda: \u00abEl firme compromiso de la Direcci\u00f3n con el tema de la p\u00e9rdida de GPI a trav\u00e9s de las inversiones realizadas y previstas, las auditor\u00edas semestrales, el plan de acci\u00f3n y la comunicaci\u00f3n interna ha permitido demostrar durante esta auditor\u00eda inicial el cumplimiento del decreto 2021-461\u00bb.<\/p>\n\n\n\n<p class=\"has-small-font-size\"><a href=\"https:\/\/www.valomatex.com\/wp-content\/uploads\/2024\/05\/VALOMATEX-ATTESTATION-DECRET-GRANULES.pdf\" target=\"_blank\" rel=\"noreferrer noopener\">La versi\u00f3n PDF del certificado de conformidad est\u00e1 disponible aqu\u00ed.<\/a><\/p>\n\n\n    <div data-aos=\"fade-up\" data-aos-offset=\"0\">\n        <a href=\"https:\/\/www.valomatex.com\/contactez-nous\/\" class=\"btn btn-primary \">\n            Cont\u00e1ctenos        <\/a>\n    <\/div>\n<\/div>\n","protected":false},"excerpt":{"rendered":"<p>Granulados Pl\u00e1sticos Industriales (GPI) &#8211; Decreto 2021-461 La entidad certificadora EURO-QUALIY SYSTEM ha auditado a la empresa VALOMATEX en relaci\u00f3n con su pol\u00edtica de prevenci\u00f3n de la p\u00e9rdida de gr\u00e1nulos de pl\u00e1stico.La conclusi\u00f3n de la evaluaci\u00f3n de conformidad demuestra que se cumple el decreto en las dos sedes de la empresa VALOMATEX, situadas en 6, [&hellip;]<\/p>\n","protected":false},"author":1,"featured_media":0,"parent":0,"menu_order":0,"comment_status":"closed","ping_status":"closed","template":"","meta":{"inline_featured_image":false},"acf":[],"yoast_head":"<!-- This site is optimized with the Yoast SEO plugin v20.3 - https:\/\/yoast.com\/wordpress\/plugins\/seo\/ -->\n<title>Qui\u00e9nes somos - Valomatex<\/title>\n<meta name=\"description\" content=\"VALOMATEX, especialista en la compraventa de pl\u00e1sticos reciclados: pol\u00edmeros t\u00e9cnicos y productos b\u00e1sicos. En el centro de la econom\u00eda circular.\" \/>\n<meta name=\"robots\" content=\"index, follow, max-snippet:-1, max-image-preview:large, max-video-preview:-1\" \/>\n<link rel=\"canonical\" href=\"https:\/\/www.valomatex.com\/es\/quienes-somos\/\" \/>\n<meta property=\"og:locale\" content=\"es_ES\" \/>\n<meta property=\"og:type\" content=\"article\" \/>\n<meta property=\"og:title\" content=\"Qui\u00e9nes somos - Valomatex\" \/>\n<meta property=\"og:description\" content=\"VALOMATEX, especialista en la compraventa de pl\u00e1sticos reciclados: pol\u00edmeros t\u00e9cnicos y productos b\u00e1sicos. En el centro de la econom\u00eda circular.\" \/>\n<meta property=\"og:url\" content=\"https:\/\/www.valomatex.com\/es\/quienes-somos\/\" \/>\n<meta property=\"og:site_name\" content=\"Valomatex\" \/>\n<meta property=\"article:modified_time\" content=\"2025-10-02T08:17:57+00:00\" \/>\n<meta name=\"twitter:card\" content=\"summary_large_image\" \/>\n<meta name=\"twitter:label1\" content=\"Est. reading time\" \/>\n\t<meta name=\"twitter:data1\" content=\"2 minutes\" \/>\n<script type=\"application\/ld+json\" class=\"yoast-schema-graph\">{\"@context\":\"https:\/\/schema.org\",\"@graph\":[{\"@type\":\"WebPage\",\"@id\":\"https:\/\/www.valomatex.com\/es\/quienes-somos\/\",\"url\":\"https:\/\/www.valomatex.com\/es\/quienes-somos\/\",\"name\":\"Qui\u00e9nes somos - Valomatex\",\"isPartOf\":{\"@id\":\"https:\/\/www.valomatex.com\/es\/#website\"},\"datePublished\":\"2023-02-27T08:44:17+00:00\",\"dateModified\":\"2025-10-02T08:17:57+00:00\",\"description\":\"VALOMATEX, especialista en la compraventa de pl\u00e1sticos reciclados: pol\u00edmeros t\u00e9cnicos y productos b\u00e1sicos. En el centro de la econom\u00eda circular.\",\"inLanguage\":\"es-ES\",\"potentialAction\":[{\"@type\":\"ReadAction\",\"target\":[\"https:\/\/www.valomatex.com\/es\/quienes-somos\/\"]}]},{\"@type\":\"WebSite\",\"@id\":\"https:\/\/www.valomatex.com\/es\/#website\",\"url\":\"https:\/\/www.valomatex.com\/es\/\",\"name\":\"Valomatex\",\"description\":\"Une place centrale dans l&#039;\u00e9conomie circulaire\",\"potentialAction\":[{\"@type\":\"SearchAction\",\"target\":{\"@type\":\"EntryPoint\",\"urlTemplate\":\"https:\/\/www.valomatex.com\/es\/?s={search_term_string}\"},\"query-input\":\"required name=search_term_string\"}],\"inLanguage\":\"es-ES\"}]}<\/script>\n<!-- \/ Yoast SEO plugin. -->","yoast_head_json":{"title":"Qui\u00e9nes somos - Valomatex","description":"VALOMATEX, especialista en la compraventa de pl\u00e1sticos reciclados: pol\u00edmeros t\u00e9cnicos y productos b\u00e1sicos. En el centro de la econom\u00eda circular.","robots":{"index":"index","follow":"follow","max-snippet":"max-snippet:-1","max-image-preview":"max-image-preview:large","max-video-preview":"max-video-preview:-1"},"canonical":"https:\/\/www.valomatex.com\/es\/quienes-somos\/","og_locale":"es_ES","og_type":"article","og_title":"Qui\u00e9nes somos - Valomatex","og_description":"VALOMATEX, especialista en la compraventa de pl\u00e1sticos reciclados: pol\u00edmeros t\u00e9cnicos y productos b\u00e1sicos. En el centro de la econom\u00eda circular.","og_url":"https:\/\/www.valomatex.com\/es\/quienes-somos\/","og_site_name":"Valomatex","article_modified_time":"2025-10-02T08:17:57+00:00","twitter_card":"summary_large_image","twitter_misc":{"Est. reading time":"2 minutes"},"schema":{"@context":"https:\/\/schema.org","@graph":[{"@type":"WebPage","@id":"https:\/\/www.valomatex.com\/es\/quienes-somos\/","url":"https:\/\/www.valomatex.com\/es\/quienes-somos\/","name":"Qui\u00e9nes somos - Valomatex","isPartOf":{"@id":"https:\/\/www.valomatex.com\/es\/#website"},"datePublished":"2023-02-27T08:44:17+00:00","dateModified":"2025-10-02T08:17:57+00:00","description":"VALOMATEX, especialista en la compraventa de pl\u00e1sticos reciclados: pol\u00edmeros t\u00e9cnicos y productos b\u00e1sicos. En el centro de la econom\u00eda circular.","inLanguage":"es-ES","potentialAction":[{"@type":"ReadAction","target":["https:\/\/www.valomatex.com\/es\/quienes-somos\/"]}]},{"@type":"WebSite","@id":"https:\/\/www.valomatex.com\/es\/#website","url":"https:\/\/www.valomatex.com\/es\/","name":"Valomatex","description":"Une place centrale dans l&#039;\u00e9conomie circulaire","potentialAction":[{"@type":"SearchAction","target":{"@type":"EntryPoint","urlTemplate":"https:\/\/www.valomatex.com\/es\/?s={search_term_string}"},"query-input":"required name=search_term_string"}],"inLanguage":"es-ES"}]}},"_links":{"self":[{"href":"https:\/\/www.valomatex.com\/es\/wp-json\/wp\/v2\/pages\/390"}],"collection":[{"href":"https:\/\/www.valomatex.com\/es\/wp-json\/wp\/v2\/pages"}],"about":[{"href":"https:\/\/www.valomatex.com\/es\/wp-json\/wp\/v2\/types\/page"}],"author":[{"embeddable":true,"href":"https:\/\/www.valomatex.com\/es\/wp-json\/wp\/v2\/users\/1"}],"replies":[{"embeddable":true,"href":"https:\/\/www.valomatex.com\/es\/wp-json\/wp\/v2\/comments?post=390"}],"version-history":[{"count":14,"href":"https:\/\/www.valomatex.com\/es\/wp-json\/wp\/v2\/pages\/390\/revisions"}],"predecessor-version":[{"id":829,"href":"https:\/\/www.valomatex.com\/es\/wp-json\/wp\/v2\/pages\/390\/revisions\/829"}],"wp:attachment":[{"href":"https:\/\/www.valomatex.com\/es\/wp-json\/wp\/v2\/media?parent=390"}],"curies":[{"name":"wp","href":"https:\/\/api.w.org\/{rel}","templated":true}]}}