{"id":528,"date":"2024-01-30T10:07:42","date_gmt":"2024-01-30T09:07:42","guid":{"rendered":"https:\/\/www.valomatex.com\/politica-de-privacidad\/"},"modified":"2024-02-01T10:32:46","modified_gmt":"2024-02-01T09:32:46","slug":"politica-de-privacidad","status":"publish","type":"page","link":"https:\/\/www.valomatex.com\/es\/politica-de-privacidad\/","title":{"rendered":"Pol\u00edtica de privacidad"},"content":{"rendered":"<div class=\"container mx-auto max-w-4xl px-3 mt-28\">\n    \n\n<h1>Pol\u00edtica de privacidad<\/h1>\n\n\n\n<h2>Declaraci\u00f3n de protecci\u00f3n de datos<\/h2>\n\n\n\n<p>SAS VALOMATEX (en lo sucesivo denominada VALOMATEX), con domicilio social en 6 Rue de L&#8217;industrie 68126 Bennwihr-Gare e inscrita en el Registro Mercantil de Colmar con el n\u00famero 912 072 386, presenta su actividad en su sitio web.<\/p>\n\n\n\n<p>En materia de protecci\u00f3n de datos personales, VALOMATEX se somete a las obligaciones generales relativas a este sitio web, as\u00ed como a las obligaciones relativas a su profesi\u00f3n.<\/p>\n\n\n\n<h2>Pre\u00e1mbulo<\/h2>\n\n\n\n<p>Sus datos personales s\u00f3lo se recoger\u00e1n, tratar\u00e1n y utilizar\u00e1n de conformidad con la ley. Siempre que es posible, nuestros procesos se dise\u00f1an teniendo en cuenta los requisitos de protecci\u00f3n de datos.<\/p>\n\n\n\n<p>Cuando se recogen, VALOMATEX utiliza sus datos personales para ponerse en contacto con el cliente potencial o cliente a trav\u00e9s del formulario de contacto, y todas las solicitudes realizadas a trav\u00e9s de la p\u00e1gina web: <a href=\"https:\/\/www.valomatex.com\/es\/\" target=\"_blank\" rel=\"noreferrer noopener\">https:\/\/www.valomatex.com<\/a><\/p>\n\n\n\n<h2>Fuentes y datos utilizados<\/h2>\n\n\n\n<p>Como parte de nuestras relaciones con los clientes, procesamos datos personales que hemos recibido directamente de usuarios y clientes a trav\u00e9s del sitio.<\/p>\n\n\n\n<p>En el marco de nuestras relaciones con los clientes, tratamos los datos personales recibidos directamente de los usuarios y clientes a trav\u00e9s del sitio web. S\u00f3lo se solicita la informaci\u00f3n necesaria para tramitar su solicitud.<\/p>\n\n\n\n<h2>Finalidad del tratamiento y bases jur\u00eddicas<\/h2>\n\n\n\n<p>Sus datos personales se procesan de conformidad con las disposiciones del Reglamento General de Protecci\u00f3n de Datos europeo (RGPD), la Ley de Protecci\u00f3n de Datos francesa y el c\u00f3digo deontol\u00f3gico de la profesi\u00f3n.<\/p>\n\n\n\n<p>En relaci\u00f3n con el cumplimiento de las obligaciones contractuales (art. 6 apartado 1 b RGPD):<\/p>\n\n\n\n<p>Los datos personales se tratan en el contexto de las actividades de la empresa detalladas en el sitio web. Puede leer m\u00e1s detalles sobre los fines del tratamiento de datos en las condiciones generales o preguntar a su persona de contacto por correo electr\u00f3nico (a contact@valomatex.com) o directamente al enviar su solicitud.<\/p>\n\n\n\n<p>En el marco de la ponderaci\u00f3n de intereses (art. 6 apartado 1 f RGPD):<\/p>\n\n\n\n<p>En caso necesario, tratamos sus datos m\u00e1s all\u00e1 de la ejecuci\u00f3n efectiva de su consulta de nuestro sitio, de su solicitud de informaci\u00f3n o de su contrato con un proveedor, con el fin de proteger nuestros intereses. Esto incluye el control y la optimizaci\u00f3n de nuestras obligaciones de asesoramiento y la trazabilidad de las consultas de los clientes realizadas a trav\u00e9s del sitio web, la afirmaci\u00f3n de los derechos legales y la defensa en caso de litigios, la garant\u00eda de la seguridad inform\u00e1tica y el funcionamiento inform\u00e1tico de VALOMATEX, la prevenci\u00f3n y el esclarecimiento de delitos sobre la base de una orden de una autoridad p\u00fablica y las medidas de gesti\u00f3n empresarial propuestas por VALOMATEX.<\/p>\n\n\n\n<p>Sobre la base de su consentimiento (art. 6 apartado 1 a RGPD):<\/p>\n\n\n\n<p>En la medida en que contemos con su consentimiento para tratar sus datos personales con fines espec\u00edficos, y de conformidad con el c\u00f3digo \u00e9tico, la legalidad de dicho tratamiento sobre la base de su consentimiento est\u00e1 garantizada. El consentimiento puede revocarse en cualquier momento. La revocaci\u00f3n del consentimiento no afecta a la legalidad del tratamiento de datos realizado hasta la revocaci\u00f3n.<\/p>\n\n\n\n<p>Debido a requisitos legales (art. 6 p\u00e1rrafo 1 c RGPD) o en inter\u00e9s p\u00fablico (art. 6 p\u00e1rrafo 1 e RGPD):<\/p>\n\n\n\n<p>Esto incluye, por ejemplo, verificar la identidad y la edad, la capacidad para obligar a la empresa que solicita la informaci\u00f3n o que celebra el contrato, etc. Salvo que se explique detalladamente a continuaci\u00f3n, en principio no se procesa ning\u00fan dato personal cuando usted utiliza este sitio web, es decir, no se registran, modifican ni transmiten datos a terceros.<\/p>\n\n\n\n<h2>Formulario de contacto<\/h2>\n\n\n\n<p>Los datos recogidos en este formulario podr\u00e1n ser registrados en un fichero tratado por VALOMATEX con fines de env\u00edo de informaci\u00f3n o, si nos autoriza a ello, con fines comerciales. La base jur\u00eddica del tratamiento se detalla en la declaraci\u00f3n de pol\u00edtica de protecci\u00f3n de datos personales.<\/p>\n\n\n\n<p>Los datos recogidos se utilizar\u00e1n y archivar\u00e1n de conformidad con el RGPD. Estos datos personales no se transmitir\u00e1n a terceros, ni a t\u00edtulo oneroso ni gratuito.<\/p>\n\n\n\n<p>Los datos se conservan un m\u00e1ximo de 3 a\u00f1os.<\/p>\n\n\n\n<p>Puede acceder a sus datos personales, rectificarlos, solicitar su supresi\u00f3n o ejercer su derecho a limitar el tratamiento de sus datos.<\/p>\n\n\n\n<p>Visite cnil.fr para obtener m\u00e1s informaci\u00f3n sobre sus derechos.<\/p>\n\n\n\n<p>Para ejercer estos derechos o si tiene alguna duda sobre el tratamiento de sus datos con arreglo a este r\u00e9gimen, puede ponerse en contacto con nuestros servicios para obtener m\u00e1s informaci\u00f3n o para oponerse al almacenamiento de sus datos personales.<\/p>\n\n\n\n<p>Si, tras ponerse en contacto con nosotros, considera que no se han respetado sus derechos en materia de &#8220;Protecci\u00f3n de datos&#8221;, puede presentar una reclamaci\u00f3n ante la CNIL.<\/p>\n\n\n\n<h2>Plazos de inscripci\u00f3n<\/h2>\n\n\n\n<p>VALOMATEX procesa y almacena sus datos personales durante el tiempo necesario para cumplir nuestras obligaciones contractuales y legales. Si los datos ya no son necesarios para cumplir obligaciones contractuales o legales, se suprimir\u00e1n.<\/p>\n\n\n\n<h2>Sus derechos como interesado<\/h2>\n\n\n\n<p>Toda persona afectada por el tratamiento de datos personales tiene derecho :<br\/>Informaci\u00f3n (art. 34 BDSG, art. 15 RGPD),<br\/>Correcci\u00f3n (art. 16 RGPD),<br\/>Supresi\u00f3n (art. 35 BDSG, art. 17 RGPD),<br\/>Limitaci\u00f3n del tratamiento (art. 18 RGPD),<br\/>Portabilidad de datos (art. 20 RGPD) y<br\/>Revocaci\u00f3n (art. 21 RGPD).<\/p>\n\n\n\n<p>Sin embargo, se aplican restricciones (art. 23 RGPD) al derecho de informaci\u00f3n y supresi\u00f3n. Tambi\u00e9n existe un derecho de recurso ante una autoridad de control competente en materia de protecci\u00f3n de datos (art. 77 del RGPD).<\/p>\n\n\n\n<h2>Obligaci\u00f3n de facilitar datos<\/h2>\n\n\n\n<p>En el marco de su solicitud; simple consulta del sitio, sondeo o solicitud de informaci\u00f3n efectuada en el sitio, deber\u00e1 facilitarnos los datos personales que se le soliciten y que sean necesarios para el cumplimiento de las obligaciones correspondientes o que estemos legalmente obligados a recabar. Sin estos datos, no podremos responder a su solicitud o se ver\u00e1 comprometido el ejercicio de sus derechos legales (por ejemplo, garant\u00edas).<\/p>\n\n\n\n<h2>Toma de decisiones automatizada y uso personal del sitio<\/h2>\n\n\n\n<p>Con el fin de responder mejor a su solicitud, no utilizamos la toma de decisiones totalmente automatizada de conformidad con el art. 22 RGPD. Si utilizamos estos procedimientos en casos particulares, se le informar\u00e1 por separado. Algunos de sus datos se procesan autom\u00e1ticamente para evaluar determinados aspectos de su uso personal del sitio.<\/p>\n\n\n\n<h2>Recogida de datos personales al visitar nuestro sitio web<\/h2>\n\n\n\n<p>Cuando se limita a utilizar el sitio web con fines informativos y no nos env\u00eda informaci\u00f3n de ning\u00fan otro modo, s\u00f3lo recogemos los datos personales que su navegador transmite a nuestro servidor. Por lo tanto, cuando visita nuestro sitio web, recopilamos los siguientes datos, que son t\u00e9cnicamente necesarios para mostrar nuestro sitio web y para garantizar su estabilidad y seguridad (la base jur\u00eddica es el art. 6, apartado 1, frase 1, letra f del RGPD):<\/p>\n\n\n\n<ul>\n<li>Direcci\u00f3n IP<\/li>\n\n\n\n<li>Fecha y hora de la solicitud<\/li>\n\n\n\n<li>Diferencia horaria con el meridiano de Greenwich (GMT)<\/li>\n\n\n\n<li>Solicitar contenido (p\u00e1gina concreta)<\/li>\n\n\n\n<li>C\u00f3digo de estado\/estado de acceso HTTP<\/li>\n\n\n\n<li>Volumen de datos transferidos<\/li>\n\n\n\n<li>Sitio web del que procede la solicitud<\/li>\n\n\n\n<li>Navegador<\/li>\n\n\n\n<li>Sistema operativo e interfaz<\/li>\n\n\n\n<li>Idioma y versi\u00f3n del software de navegaci\u00f3n<\/li>\n\n\n\n<li>P\u00e1ginas vistas.<\/li>\n<\/ul>\n\n\n\n<p>Adem\u00e1s de los datos mencionados anteriormente, las cookies se almacenan en su ordenador cuando utiliza nuestro sitio web. Las cookies son peque\u00f1os archivos de texto que se almacenan en su disco duro, asociados al navegador que est\u00e1 utilizando, y a trav\u00e9s de los cuales se env\u00eda cierta informaci\u00f3n a la autoridad que establece la cookie. Este dispositivo se utiliza en particular para analizar el rendimiento del sitio web mediante cookies, que ayudan a mejorar nuestro sitio web proporcion\u00e1ndonos estad\u00edsticas completas sobre el n\u00famero de visitantes de una p\u00e1gina, las \u00e1reas del sitio que se consultan con m\u00e1s frecuencia y la ciudad o ubicaci\u00f3n de los usuarios. Estos pueden ser instalados por proveedores de an\u00e1lisis externos que contratemos. Estas cookies no le identifican personalmente. Les cookies ne peuvent pas lancer des programmes ou transmettre des virus \u00e0 votre ordinateur. Simplemente sirven para que la oferta de Internet sea m\u00e1s f\u00e1cil de usar y eficaz en su conjunto. VALOMATEX utiliza los siguientes tipos de cookies: cookies temporales y cookies permanentes.<\/p>\n\n\n\n<p>Las cookies temporales se eliminan autom\u00e1ticamente al cerrar el navegador. Estos registran un ID de sesi\u00f3n con el que se pueden asignar diferentes solicitudes de su navegador a la sesi\u00f3n conjunta. Esto le permite reconocer su ordenador cuando vuelva a visitar nuestro sitio web. Las cookies de sesi\u00f3n se eliminan cuando se desconecta del sitio o se cierra el navegador.<\/p>\n\n\n\n<p>Las cookies permanentes se eliminan autom\u00e1ticamente despu\u00e9s de un tiempo predeterminado que puede variar seg\u00fan la cookie. Puede eliminar las cookies en cualquier momento en la configuraci\u00f3n de seguridad de su navegador.<\/p>\n\n\n\n<p>Puede configurar los ajustes de su navegador seg\u00fan sus deseos y por ejemplo negarse a aceptar cookies de terceros o todas las cookies. La mayor\u00eda de los navegadores le ofrecen diferentes posibilidades para proteger su privacidad. Por ejemplo, puede aceptar cookies propias, pero hacer que se bloqueen las cookies de terceros o que se le informe cada vez que un sitio web quiere instalar una cookie. Tenga en cuenta que la desactivaci\u00f3n de cookies impide la instalaci\u00f3n de nuevas cookies. Encontrar\u00e1 las instrucciones de gesti\u00f3n de cookies en la funci\u00f3n Ayuda de su navegador o en el manual de instrucciones de su smartphone o del producto fijo o m\u00f3vil con acceso a Internet utilizado.<\/p>\n\n\n\n<h2>Informaci\u00f3n sobre protecci\u00f3n de datos para plug-ins sociales<\/h2>\n\n\n\n<p>Nuestro sitio web no utiliza actualmente plug-ins sociales de redes sociales (Twitter, Facebook, etc). Si esto cambiara en el futuro, los plug-ins sociales solo comenzar\u00edan a transferir datos una vez que usted mismo activara los botones.<\/p>\n\n\n\n<h2>Informaci\u00f3n sobre su derecho de revocaci\u00f3n seg\u00fan el art. 21 del Reglamento General de Protecci\u00f3n de Datos (RGPD)<\/h2>\n\n\n\n<p>Puede revocar en cualquier momento su consentimiento para el tratamiento de sus datos personales proporcionados a VALOMATEX. Tenga en cuenta que la revocaci\u00f3n solo tiene efecto en el futuro. Los tratamientos realizados antes de la revocaci\u00f3n no se ver\u00e1n afectados.<\/p>\n\n\n\n<p><em>Derecho de revocaci\u00f3n caso por caso<\/em><\/p>\n\n\n\n<p>Usted tiene el derecho, por razones relacionadas con su situaci\u00f3n particular, de oponerse en cualquier momento al tratamiento de datos personales que le conciernen, que se realiza seg\u00fan el art. 6 p\u00e1rrafo 1 e del RGPD (tratamiento de datos en inter\u00e9s p\u00fablico); esto tambi\u00e9n se aplica a los perfiles basados en esta disposici\u00f3n en los t\u00e9rminos del art. 4 n\u00b0 4 RGPD. Si usted se opone a ello, no trataremos m\u00e1s sus datos personales, a menos que podamos justificar razones imperiosas y leg\u00edtimas para este tratamiento que sean preponderantes en relaci\u00f3n con sus intereses, derechos y libertades o si el tratamiento sirve para la constataci\u00f3n, el ejercicio o la defensa de derechos ante los tribunales.<\/p>\n\n\n\n<p>Si basamos el tratamiento de sus datos personales en el equilibrio de intereses, puede oponerse a dicho tratamiento. En caso de que recurra a dicha revocaci\u00f3n, le rogamos que explique las razones por las que ya no debemos tratar sus datos personales como lo hac\u00edamos antes. En caso de revocaci\u00f3n justificada, examinamos la situaci\u00f3n y ponemos fin al tratamiento de sus datos, lo adaptamos o le exponemos las razones imperiosas y leg\u00edtimas por las que debemos seguir tratando sus datos.<\/p>\n\n\n\n<p><em>Derecho a revocar el tratamiento de datos a efectos de publicidad por correo<\/em><\/p>\n\n\n\n<p>En casos especiales, procesamos sus datos personales para hacer publicidad por correo. Usted tiene derecho a oponerse en cualquier momento al tratamiento de sus datos personales para fines de dicha publicidad; lo mismo se aplica a la elaboraci\u00f3n de perfiles, en la medida en que est\u00e9 vinculada a dicha publicidad. Si usted se opone al tratamiento con fines de publicidad por correo, no trataremos sus datos personales para estos fines. La revocaci\u00f3n no est\u00e1 sujeta a ninguna condici\u00f3n de forma y debe dirigirse, si es posible, a: contact@valomatex.com <\/p>\n\n\n\n<h2>Su derecho de revocaci\u00f3n (art. 21 del RGPD)<\/h2>\n\n\n\n<p>Usted tiene derecho, por motivos relacionados con su situaci\u00f3n particular, a oponerse en cualquier momento al tratamiento de sus datos personales, que se realiza seg\u00fan el art. 6 p\u00e1rrafo 1 frase 1 e) RGPD o art. 6 p\u00e1rrafo 1 frase 1 f) RGPD ; esto tambi\u00e9n se aplica a los perfiles basados en estas disposiciones. Por lo tanto, ya no procesamos estos datos personales para estos fines, a menos que podamos justificar razones imperiosas y leg\u00edtimas para este tratamiento que sean preponderantes con respecto a sus intereses, derechos y libertades o si el tratamiento sirve para la constataci\u00f3n, el ejercicio o la defensa de derechos ante los tribunales. Si se procesan datos personales para la realizaci\u00f3n de ofertas comerciales o publicidad dirigida, usted tiene derecho a oponerse en cualquier momento al tratamiento de dichos datos personales para fines de dicha publicidad; esto se aplica tambi\u00e9n a la elaboraci\u00f3n de perfiles, en la medida en que est\u00e1 vinculada a dicha publicidad por correo.<\/p>\n\n\n\n<p>Puede comunicarnos su oposici\u00f3n en (contact@valomatex.com)<\/p>\n\n\n<\/div>","protected":false},"excerpt":{"rendered":"","protected":false},"author":1,"featured_media":0,"parent":0,"menu_order":0,"comment_status":"closed","ping_status":"closed","template":"","meta":{"inline_featured_image":false},"acf":[],"yoast_head":"<!-- This site is optimized with the Yoast SEO plugin v20.3 - https:\/\/yoast.com\/wordpress\/plugins\/seo\/ -->\n<title>Pol\u00edtica de privacidad - Valomatex<\/title>\n<meta name=\"robots\" content=\"index, follow, max-snippet:-1, max-image-preview:large, max-video-preview:-1\" \/>\n<link rel=\"canonical\" href=\"https:\/\/www.valomatex.com\/es\/politica-de-privacidad\/\" \/>\n<meta property=\"og:locale\" content=\"es_ES\" \/>\n<meta property=\"og:type\" content=\"article\" \/>\n<meta property=\"og:title\" content=\"Pol\u00edtica de privacidad - Valomatex\" \/>\n<meta property=\"og:url\" content=\"https:\/\/www.valomatex.com\/es\/politica-de-privacidad\/\" \/>\n<meta property=\"og:site_name\" content=\"Valomatex\" \/>\n<meta property=\"article:modified_time\" content=\"2024-02-01T09:32:46+00:00\" \/>\n<meta name=\"twitter:card\" content=\"summary_large_image\" \/>\n<meta name=\"twitter:label1\" content=\"Est. reading time\" \/>\n\t<meta name=\"twitter:data1\" content=\"11 minutes\" \/>\n<script type=\"application\/ld+json\" class=\"yoast-schema-graph\">{\"@context\":\"https:\/\/schema.org\",\"@graph\":[{\"@type\":\"WebPage\",\"@id\":\"https:\/\/www.valomatex.com\/es\/politica-de-privacidad\/\",\"url\":\"https:\/\/www.valomatex.com\/es\/politica-de-privacidad\/\",\"name\":\"Pol\u00edtica de privacidad - Valomatex\",\"isPartOf\":{\"@id\":\"https:\/\/www.valomatex.com\/es\/#website\"},\"datePublished\":\"2024-01-30T09:07:42+00:00\",\"dateModified\":\"2024-02-01T09:32:46+00:00\",\"inLanguage\":\"es-ES\",\"potentialAction\":[{\"@type\":\"ReadAction\",\"target\":[\"https:\/\/www.valomatex.com\/es\/politica-de-privacidad\/\"]}]},{\"@type\":\"WebSite\",\"@id\":\"https:\/\/www.valomatex.com\/es\/#website\",\"url\":\"https:\/\/www.valomatex.com\/es\/\",\"name\":\"Valomatex\",\"description\":\"Une place centrale dans l&#039;\u00e9conomie circulaire\",\"potentialAction\":[{\"@type\":\"SearchAction\",\"target\":{\"@type\":\"EntryPoint\",\"urlTemplate\":\"https:\/\/www.valomatex.com\/es\/?s={search_term_string}\"},\"query-input\":\"required name=search_term_string\"}],\"inLanguage\":\"es-ES\"}]}<\/script>\n<!-- \/ Yoast SEO plugin. -->","yoast_head_json":{"title":"Pol\u00edtica de privacidad - Valomatex","robots":{"index":"index","follow":"follow","max-snippet":"max-snippet:-1","max-image-preview":"max-image-preview:large","max-video-preview":"max-video-preview:-1"},"canonical":"https:\/\/www.valomatex.com\/es\/politica-de-privacidad\/","og_locale":"es_ES","og_type":"article","og_title":"Pol\u00edtica de privacidad - Valomatex","og_url":"https:\/\/www.valomatex.com\/es\/politica-de-privacidad\/","og_site_name":"Valomatex","article_modified_time":"2024-02-01T09:32:46+00:00","twitter_card":"summary_large_image","twitter_misc":{"Est. reading time":"11 minutes"},"schema":{"@context":"https:\/\/schema.org","@graph":[{"@type":"WebPage","@id":"https:\/\/www.valomatex.com\/es\/politica-de-privacidad\/","url":"https:\/\/www.valomatex.com\/es\/politica-de-privacidad\/","name":"Pol\u00edtica de privacidad - Valomatex","isPartOf":{"@id":"https:\/\/www.valomatex.com\/es\/#website"},"datePublished":"2024-01-30T09:07:42+00:00","dateModified":"2024-02-01T09:32:46+00:00","inLanguage":"es-ES","potentialAction":[{"@type":"ReadAction","target":["https:\/\/www.valomatex.com\/es\/politica-de-privacidad\/"]}]},{"@type":"WebSite","@id":"https:\/\/www.valomatex.com\/es\/#website","url":"https:\/\/www.valomatex.com\/es\/","name":"Valomatex","description":"Une place centrale dans l&#039;\u00e9conomie circulaire","potentialAction":[{"@type":"SearchAction","target":{"@type":"EntryPoint","urlTemplate":"https:\/\/www.valomatex.com\/es\/?s={search_term_string}"},"query-input":"required name=search_term_string"}],"inLanguage":"es-ES"}]}},"_links":{"self":[{"href":"https:\/\/www.valomatex.com\/es\/wp-json\/wp\/v2\/pages\/528"}],"collection":[{"href":"https:\/\/www.valomatex.com\/es\/wp-json\/wp\/v2\/pages"}],"about":[{"href":"https:\/\/www.valomatex.com\/es\/wp-json\/wp\/v2\/types\/page"}],"author":[{"embeddable":true,"href":"https:\/\/www.valomatex.com\/es\/wp-json\/wp\/v2\/users\/1"}],"replies":[{"embeddable":true,"href":"https:\/\/www.valomatex.com\/es\/wp-json\/wp\/v2\/comments?post=528"}],"version-history":[{"count":3,"href":"https:\/\/www.valomatex.com\/es\/wp-json\/wp\/v2\/pages\/528\/revisions"}],"predecessor-version":[{"id":531,"href":"https:\/\/www.valomatex.com\/es\/wp-json\/wp\/v2\/pages\/528\/revisions\/531"}],"wp:attachment":[{"href":"https:\/\/www.valomatex.com\/es\/wp-json\/wp\/v2\/media?parent=528"}],"curies":[{"name":"wp","href":"https:\/\/api.w.org\/{rel}","templated":true}]}}