{"id":675,"date":"2025-09-15T10:22:13","date_gmt":"2025-09-15T09:22:13","guid":{"rendered":"https:\/\/www.valomatex.com\/comercio-internacional\/"},"modified":"2025-09-24T13:09:52","modified_gmt":"2025-09-24T12:09:52","slug":"comercio-internacional","status":"publish","type":"page","link":"https:\/\/www.valomatex.com\/es\/comercio-internacional\/","title":{"rendered":"Comercio internacional"},"content":{"rendered":"\n<section class=\"min-h-screen flex flex-col gap-6 lg:flex-row items-center w-full pt-40 lg:pt-0\">\n    <div class=\"limited-content\">\n        <div class=\"lg:w-1\/2 lg:pr-16 flex flex-col\">\n            \n\n<h1>Comercio <mark style=\"background-color:rgba(0, 0, 0, 0)\" class=\"has-inline-color has-primary-color\">internacional<\/mark><\/h1>\n\n\n\n<p>Recientemente, VALOMATEX ha ampliado sus actividades desarrollando una oferta de comercio internacional de materias primas no agr\u00edcolas. Como complemento a nuestra experiencia hist\u00f3rica, esta nueva actividad nos permite acompa\u00f1ar a nuestros clientes en mercados estrat\u00e9gicos.<\/p>\n\n\n\n<p>Nuestros compromisos clave :<\/p>\n\n\n\n<ul>\n<li><strong>Enfoque personalizado<\/strong>: conocemos las ventajas y el potencial de nuestros productos, por lo que nuestro enfoque consiste en ofrecerle un asesoramiento competente.<\/li>\n\n\n\n<li><strong>Trazabilidad y conformidad<\/strong>: todas las mercanc\u00edas son objeto de un seguimiento durante su transporte, con toda la rigurosidad y transparencia necesarias.<\/li>\n\n\n\n<li><strong>Log\u00edstica y proximidad<\/strong>: nuestros almacenes cercanos a ambos lados del mar Mediterr\u00e1neo le garantizan entregas r\u00e1pidas.<\/li>\n<\/ul>\n\n\n\n<p><\/p>\n\n\n\n<p>Ofrecemos una amplia gama de materiales: pol\u00edmeros, elast\u00f3meros, resinas de hidrocarburos, resinas naturales y ceras para numerosas industrias:<\/p>\n\n\n\n<ul>\n<li><strong>Adhesivos<\/strong><\/li>\n\n\n\n<li><strong>Masillas<\/strong><\/li>\n\n\n\n<li><strong>Cauchos<\/strong><\/li>\n\n\n\n<li><strong>Betunes<\/strong><\/li>\n\n\n\n<li><strong>Revestimientos<\/strong><\/li>\n\n\n\n<li><strong>Calzado<\/strong><\/li>\n<\/ul>\n\n\n        <\/div>\n    <\/div>\n            <div class=\"lg:h-full lg:-translate-y-20 lg:absolute lg:top-0 lg:left-1\/2 px-4 lg:px-0\">\n            <img decoding=\"async\" class=\"styled-image h-full w-auto object-cover object-center\" src=\"https:\/\/www.valomatex.com\/wp-content\/uploads\/2025\/09\/AdobeStock_117739310-1-Converti-scaled.jpg\" alt=\"carte-monde-flux\">\n        <\/div>\n    <\/section>","protected":false},"excerpt":{"rendered":"","protected":false},"author":2,"featured_media":0,"parent":0,"menu_order":0,"comment_status":"closed","ping_status":"closed","template":"","meta":{"inline_featured_image":false},"acf":[],"yoast_head":"<!-- This site is optimized with the Yoast SEO plugin v20.3 - https:\/\/yoast.com\/wordpress\/plugins\/seo\/ -->\n<title>Comercio internacional - Valomatex<\/title>\n<meta name=\"robots\" content=\"index, follow, max-snippet:-1, max-image-preview:large, max-video-preview:-1\" \/>\n<link rel=\"canonical\" href=\"https:\/\/www.valomatex.com\/es\/comercio-internacional\/\" \/>\n<meta property=\"og:locale\" content=\"es_ES\" \/>\n<meta property=\"og:type\" content=\"article\" \/>\n<meta property=\"og:title\" content=\"Comercio internacional - Valomatex\" \/>\n<meta property=\"og:url\" content=\"https:\/\/www.valomatex.com\/es\/comercio-internacional\/\" \/>\n<meta property=\"og:site_name\" content=\"Valomatex\" \/>\n<meta property=\"article:modified_time\" content=\"2025-09-24T12:09:52+00:00\" \/>\n<meta name=\"twitter:card\" content=\"summary_large_image\" \/>\n<meta name=\"twitter:label1\" content=\"Est. reading time\" \/>\n\t<meta name=\"twitter:data1\" content=\"1 minute\" \/>\n<script type=\"application\/ld+json\" class=\"yoast-schema-graph\">{\"@context\":\"https:\/\/schema.org\",\"@graph\":[{\"@type\":\"WebPage\",\"@id\":\"https:\/\/www.valomatex.com\/es\/comercio-internacional\/\",\"url\":\"https:\/\/www.valomatex.com\/es\/comercio-internacional\/\",\"name\":\"Comercio internacional - Valomatex\",\"isPartOf\":{\"@id\":\"https:\/\/www.valomatex.com\/es\/#website\"},\"datePublished\":\"2025-09-15T09:22:13+00:00\",\"dateModified\":\"2025-09-24T12:09:52+00:00\",\"inLanguage\":\"es-ES\",\"potentialAction\":[{\"@type\":\"ReadAction\",\"target\":[\"https:\/\/www.valomatex.com\/es\/comercio-internacional\/\"]}]},{\"@type\":\"WebSite\",\"@id\":\"https:\/\/www.valomatex.com\/es\/#website\",\"url\":\"https:\/\/www.valomatex.com\/es\/\",\"name\":\"Valomatex\",\"description\":\"Une place centrale dans l&#039;\u00e9conomie circulaire\",\"potentialAction\":[{\"@type\":\"SearchAction\",\"target\":{\"@type\":\"EntryPoint\",\"urlTemplate\":\"https:\/\/www.valomatex.com\/es\/?s={search_term_string}\"},\"query-input\":\"required name=search_term_string\"}],\"inLanguage\":\"es-ES\"}]}<\/script>\n<!-- \/ Yoast SEO plugin. -->","yoast_head_json":{"title":"Comercio internacional - Valomatex","robots":{"index":"index","follow":"follow","max-snippet":"max-snippet:-1","max-image-preview":"max-image-preview:large","max-video-preview":"max-video-preview:-1"},"canonical":"https:\/\/www.valomatex.com\/es\/comercio-internacional\/","og_locale":"es_ES","og_type":"article","og_title":"Comercio internacional - Valomatex","og_url":"https:\/\/www.valomatex.com\/es\/comercio-internacional\/","og_site_name":"Valomatex","article_modified_time":"2025-09-24T12:09:52+00:00","twitter_card":"summary_large_image","twitter_misc":{"Est. reading time":"1 minute"},"schema":{"@context":"https:\/\/schema.org","@graph":[{"@type":"WebPage","@id":"https:\/\/www.valomatex.com\/es\/comercio-internacional\/","url":"https:\/\/www.valomatex.com\/es\/comercio-internacional\/","name":"Comercio internacional - Valomatex","isPartOf":{"@id":"https:\/\/www.valomatex.com\/es\/#website"},"datePublished":"2025-09-15T09:22:13+00:00","dateModified":"2025-09-24T12:09:52+00:00","inLanguage":"es-ES","potentialAction":[{"@type":"ReadAction","target":["https:\/\/www.valomatex.com\/es\/comercio-internacional\/"]}]},{"@type":"WebSite","@id":"https:\/\/www.valomatex.com\/es\/#website","url":"https:\/\/www.valomatex.com\/es\/","name":"Valomatex","description":"Une place centrale dans l&#039;\u00e9conomie circulaire","potentialAction":[{"@type":"SearchAction","target":{"@type":"EntryPoint","urlTemplate":"https:\/\/www.valomatex.com\/es\/?s={search_term_string}"},"query-input":"required name=search_term_string"}],"inLanguage":"es-ES"}]}},"_links":{"self":[{"href":"https:\/\/www.valomatex.com\/es\/wp-json\/wp\/v2\/pages\/675"}],"collection":[{"href":"https:\/\/www.valomatex.com\/es\/wp-json\/wp\/v2\/pages"}],"about":[{"href":"https:\/\/www.valomatex.com\/es\/wp-json\/wp\/v2\/types\/page"}],"author":[{"embeddable":true,"href":"https:\/\/www.valomatex.com\/es\/wp-json\/wp\/v2\/users\/2"}],"replies":[{"embeddable":true,"href":"https:\/\/www.valomatex.com\/es\/wp-json\/wp\/v2\/comments?post=675"}],"version-history":[{"count":4,"href":"https:\/\/www.valomatex.com\/es\/wp-json\/wp\/v2\/pages\/675\/revisions"}],"predecessor-version":[{"id":716,"href":"https:\/\/www.valomatex.com\/es\/wp-json\/wp\/v2\/pages\/675\/revisions\/716"}],"wp:attachment":[{"href":"https:\/\/www.valomatex.com\/es\/wp-json\/wp\/v2\/media?parent=675"}],"curies":[{"name":"wp","href":"https:\/\/api.w.org\/{rel}","templated":true}]}}