{"id":384,"date":"2023-02-27T09:44:17","date_gmt":"2023-02-27T08:44:17","guid":{"rendered":"https:\/\/www.valomatex.com\/pagina-su-di-noi\/"},"modified":"2025-10-02T09:16:04","modified_gmt":"2025-10-02T08:16:04","slug":"pagina-su-di-noi","status":"publish","type":"page","link":"https:\/\/www.valomatex.com\/it\/pagina-su-di-noi\/","title":{"rendered":"Pagina su di noi"},"content":{"rendered":"\n<section class=\"min-h-screen flex flex-col gap-6 lg:flex-row items-center w-full pt-40 lg:pt-0\">\n    <div class=\"limited-content\">\n        <div class=\"lg:w-1\/2 lg:pr-16 flex flex-col\">\n            \n\n<div style=\"height:100px\" aria-hidden=\"true\" class=\"wp-block-spacer\"><\/div>\n\n\n\n<h1 class=\"wp-block-heading has-large-font-size\">Pagina su di noi<\/h1>\n\n\n\n<p><\/p>\n\n\n\n<h4 class=\"wp-block-heading\"><mark style=\"background-color:rgba(0, 0, 0, 0)\" class=\"has-inline-color has-primary-color\">VALOMATEX <\/mark>\u00e8 il vostro partner ideale per trovare soluzioni di valorizzazione di tutti i vostri materiali attraverso due attivit\u00e0 chiave: <\/h4>\n\n\n\n<p><\/p>\n\n\n\n<h1 class=\"has-large-font-size\"><strong><mark style=\"background-color:rgba(0, 0, 0, 0)\" class=\"has-inline-color has-primary-color\">Riciclaggio ed economia circolare<\/mark><\/strong><\/h1>\n\n\n\n<ul>\n<li><strong>Raccogliere e recuperare<\/strong> i materiali con i nostri partner trasformatori e produttori e trasformare gli scarti e le scorte inattive in una nuova materia prima.<\/li>\n\n\n\n<li><strong>Caratterizzare e qualificare<\/strong> i materiali con una costante attenzione alla qualit\u00e0<\/li>\n\n\n\n<li>Garantire ai nostri clienti il recupero dei loro materiali (con un <strong>certificato di recupero<\/strong>).<\/li>\n\n\n\n<li>Fornire <strong>un&#8217;offerta complementare<\/strong> e tecnica all&#8217;offerta esistente per le materie prime<\/li>\n\n\n\n<li>Mettere la <strong>nostra esperienza e conoscenza<\/strong> dei materiali al servizio delle esigenze e dei progetti dei nostri clienti.<\/li>\n<\/ul>\n\n\n\n<p><\/p>\n\n\n\n<h1 class=\"has-large-font-size\"><strong><mark style=\"background-color:rgba(0, 0, 0, 0)\" class=\"has-inline-color has-primary-color\">Trading internazionale<\/mark><\/strong><\/h1>\n\n\n\n<p>La nostra attivit\u00e0 di commercio internazionale completa la nostra offerta per assistervi in modo pi\u00f9 efficace e offrirvi soluzioni di valorizzazione adeguate alle vostre esigenze: <\/p>\n\n\n\n<ul>\n<li><strong>Una vasta gamma di prodotti<\/strong>: polimeri (SBS, SEBS, SIS&#8230;), elastomeri (EPDM), resine idrocarburiche (C5, C9&#8230;), resine naturali (terpeniche) e cere.<\/li>\n\n\n\n<li><strong>Supportare gli attori di numerosi settori<\/strong>: adesivi, gomma, bitume, rivestimenti e calzature.<\/li>\n<\/ul>\n\n\n\n<p>Rafforzare la nostra presenza sui mercati internazionali con una <strong>presenza significativa in Europa, Medio Oriente, Nord Africa e Asia.<\/strong><\/p>\n\n\n        <\/div>\n    <\/div>\n            <div class=\"lg:h-full lg:-translate-y-20 lg:absolute lg:top-0 lg:left-1\/2 px-4 lg:px-0\">\n            <img decoding=\"async\" class=\"styled-image h-full w-auto object-cover object-center\" src=\"https:\/\/www.valomatex.com\/wp-content\/uploads\/2023\/04\/Valomatex_quisommesnous.jpg\" alt=\"\">\n        <\/div>\n    <\/section>\n\n\n<div class=\"is-vertical is-content-justification-center is-layout-flex wp-container-1 wp-block-group\">\n<h4><br><strong>Granulati plastici industriali (GPI) &#8211; Decreto 2021-461<\/strong><\/h4>\n\n\n\n<p class=\"has-text-align-center has-small-font-size\">L&#8217;ente di certificazione EURO-QUALIY SYSTEM ha sottoposto a verifica la societ\u00e0 VALOMATEX in merito alla sua politica di prevenzione della perdita di granuli di plastica.<br>La conclusione della valutazione di conformit\u00e0 dimostra che la conformit\u00e0 al decreto \u00e8 rispettata nei 2 siti della societ\u00e0 VALOMATEX 6, rue de l&#8217;Industrie \u2013 68126 BENNWIHR-GARE<\/p>\n\n\n\n<p class=\"has-text-align-center has-small-font-size\">EURO-QUALIY SYSTEM ha fornito i seguenti commenti in merito alla sua verifica: \u00abIl forte impegno della Direzione sul tema della perdita di GPI attraverso gli investimenti realizzati e pianificati, le verifiche semestrali, il piano d&#8217;azione e la comunicazione interna ha permesso di dimostrare, nel corso di questa verifica iniziale, la conformit\u00e0 al decreto 2021-461\u00bb.<\/p>\n\n\n\n<p class=\"has-small-font-size\"><a href=\"https:\/\/www.valomatex.com\/wp-content\/uploads\/2024\/05\/VALOMATEX-ATTESTATION-DECRET-GRANULES.pdf\" target=\"_blank\" rel=\"noreferrer noopener\">Una versione PDF del certificato di conformit\u00e0 \u00e8 disponibile qui.<\/a><\/p>\n\n\n    <div data-aos=\"fade-up\" data-aos-offset=\"0\">\n        <a href=\"https:\/\/www.valomatex.com\/contactez-nous\/\" class=\"btn btn-primary \">\n            Contattaci        <\/a>\n    <\/div>\n<\/div>\n","protected":false},"excerpt":{"rendered":"<p>Granulati plastici industriali (GPI) &#8211; Decreto 2021-461 L&#8217;ente di certificazione EURO-QUALIY SYSTEM ha sottoposto a verifica la societ\u00e0 VALOMATEX in merito alla sua politica di prevenzione della perdita di granuli di plastica.La conclusione della valutazione di conformit\u00e0 dimostra che la conformit\u00e0 al decreto \u00e8 rispettata nei 2 siti della societ\u00e0 VALOMATEX 6, rue de l&#8217;Industrie [&hellip;]<\/p>\n","protected":false},"author":1,"featured_media":0,"parent":0,"menu_order":0,"comment_status":"closed","ping_status":"closed","template":"","meta":{"inline_featured_image":false},"acf":[],"yoast_head":"<!-- This site is optimized with the Yoast SEO plugin v20.3 - https:\/\/yoast.com\/wordpress\/plugins\/seo\/ -->\n<title>Pagina su di noi - Valomatex<\/title>\n<meta name=\"description\" content=\"VALOMATEX, specialista nell&#039;acquisto e nella vendita di plastica riciclata: polimeri tecnici e di base. Al centro dell&#039;economia circolare.\" \/>\n<meta name=\"robots\" content=\"index, follow, max-snippet:-1, max-image-preview:large, max-video-preview:-1\" \/>\n<link rel=\"canonical\" href=\"https:\/\/www.valomatex.com\/it\/pagina-su-di-noi\/\" \/>\n<meta property=\"og:locale\" content=\"it_IT\" \/>\n<meta property=\"og:type\" content=\"article\" \/>\n<meta property=\"og:title\" content=\"Pagina su di noi - Valomatex\" \/>\n<meta property=\"og:description\" content=\"VALOMATEX, specialista nell&#039;acquisto e nella vendita di plastica riciclata: polimeri tecnici e di base. Al centro dell&#039;economia circolare.\" \/>\n<meta property=\"og:url\" content=\"https:\/\/www.valomatex.com\/it\/pagina-su-di-noi\/\" \/>\n<meta property=\"og:site_name\" content=\"Valomatex\" \/>\n<meta property=\"article:modified_time\" content=\"2025-10-02T08:16:04+00:00\" \/>\n<meta name=\"twitter:card\" content=\"summary_large_image\" \/>\n<meta name=\"twitter:label1\" content=\"Est. reading time\" \/>\n\t<meta name=\"twitter:data1\" content=\"2 minutes\" \/>\n<script type=\"application\/ld+json\" class=\"yoast-schema-graph\">{\"@context\":\"https:\/\/schema.org\",\"@graph\":[{\"@type\":\"WebPage\",\"@id\":\"https:\/\/www.valomatex.com\/it\/pagina-su-di-noi\/\",\"url\":\"https:\/\/www.valomatex.com\/it\/pagina-su-di-noi\/\",\"name\":\"Pagina su di noi - Valomatex\",\"isPartOf\":{\"@id\":\"https:\/\/www.valomatex.com\/it\/#website\"},\"datePublished\":\"2023-02-27T08:44:17+00:00\",\"dateModified\":\"2025-10-02T08:16:04+00:00\",\"description\":\"VALOMATEX, specialista nell'acquisto e nella vendita di plastica riciclata: polimeri tecnici e di base. Al centro dell'economia circolare.\",\"inLanguage\":\"it-IT\",\"potentialAction\":[{\"@type\":\"ReadAction\",\"target\":[\"https:\/\/www.valomatex.com\/it\/pagina-su-di-noi\/\"]}]},{\"@type\":\"WebSite\",\"@id\":\"https:\/\/www.valomatex.com\/it\/#website\",\"url\":\"https:\/\/www.valomatex.com\/it\/\",\"name\":\"Valomatex\",\"description\":\"Une place centrale dans l&#039;\u00e9conomie circulaire\",\"potentialAction\":[{\"@type\":\"SearchAction\",\"target\":{\"@type\":\"EntryPoint\",\"urlTemplate\":\"https:\/\/www.valomatex.com\/it\/?s={search_term_string}\"},\"query-input\":\"required name=search_term_string\"}],\"inLanguage\":\"it-IT\"}]}<\/script>\n<!-- \/ Yoast SEO plugin. -->","yoast_head_json":{"title":"Pagina su di noi - Valomatex","description":"VALOMATEX, specialista nell'acquisto e nella vendita di plastica riciclata: polimeri tecnici e di base. Al centro dell'economia circolare.","robots":{"index":"index","follow":"follow","max-snippet":"max-snippet:-1","max-image-preview":"max-image-preview:large","max-video-preview":"max-video-preview:-1"},"canonical":"https:\/\/www.valomatex.com\/it\/pagina-su-di-noi\/","og_locale":"it_IT","og_type":"article","og_title":"Pagina su di noi - Valomatex","og_description":"VALOMATEX, specialista nell'acquisto e nella vendita di plastica riciclata: polimeri tecnici e di base. Al centro dell'economia circolare.","og_url":"https:\/\/www.valomatex.com\/it\/pagina-su-di-noi\/","og_site_name":"Valomatex","article_modified_time":"2025-10-02T08:16:04+00:00","twitter_card":"summary_large_image","twitter_misc":{"Est. reading time":"2 minutes"},"schema":{"@context":"https:\/\/schema.org","@graph":[{"@type":"WebPage","@id":"https:\/\/www.valomatex.com\/it\/pagina-su-di-noi\/","url":"https:\/\/www.valomatex.com\/it\/pagina-su-di-noi\/","name":"Pagina su di noi - Valomatex","isPartOf":{"@id":"https:\/\/www.valomatex.com\/it\/#website"},"datePublished":"2023-02-27T08:44:17+00:00","dateModified":"2025-10-02T08:16:04+00:00","description":"VALOMATEX, specialista nell'acquisto e nella vendita di plastica riciclata: polimeri tecnici e di base. Al centro dell'economia circolare.","inLanguage":"it-IT","potentialAction":[{"@type":"ReadAction","target":["https:\/\/www.valomatex.com\/it\/pagina-su-di-noi\/"]}]},{"@type":"WebSite","@id":"https:\/\/www.valomatex.com\/it\/#website","url":"https:\/\/www.valomatex.com\/it\/","name":"Valomatex","description":"Une place centrale dans l&#039;\u00e9conomie circulaire","potentialAction":[{"@type":"SearchAction","target":{"@type":"EntryPoint","urlTemplate":"https:\/\/www.valomatex.com\/it\/?s={search_term_string}"},"query-input":"required name=search_term_string"}],"inLanguage":"it-IT"}]}},"_links":{"self":[{"href":"https:\/\/www.valomatex.com\/it\/wp-json\/wp\/v2\/pages\/384"}],"collection":[{"href":"https:\/\/www.valomatex.com\/it\/wp-json\/wp\/v2\/pages"}],"about":[{"href":"https:\/\/www.valomatex.com\/it\/wp-json\/wp\/v2\/types\/page"}],"author":[{"embeddable":true,"href":"https:\/\/www.valomatex.com\/it\/wp-json\/wp\/v2\/users\/1"}],"replies":[{"embeddable":true,"href":"https:\/\/www.valomatex.com\/it\/wp-json\/wp\/v2\/comments?post=384"}],"version-history":[{"count":12,"href":"https:\/\/www.valomatex.com\/it\/wp-json\/wp\/v2\/pages\/384\/revisions"}],"predecessor-version":[{"id":827,"href":"https:\/\/www.valomatex.com\/it\/wp-json\/wp\/v2\/pages\/384\/revisions\/827"}],"wp:attachment":[{"href":"https:\/\/www.valomatex.com\/it\/wp-json\/wp\/v2\/media?parent=384"}],"curies":[{"name":"wp","href":"https:\/\/api.w.org\/{rel}","templated":true}]}}