{"id":526,"date":"2024-01-30T10:07:42","date_gmt":"2024-01-30T09:07:42","guid":{"rendered":"https:\/\/www.valomatex.com\/informativa-sulla-privacy\/"},"modified":"2024-02-01T10:32:46","modified_gmt":"2024-02-01T09:32:46","slug":"informativa-sulla-privacy","status":"publish","type":"page","link":"https:\/\/www.valomatex.com\/it\/informativa-sulla-privacy\/","title":{"rendered":"Informativa sulla privacy"},"content":{"rendered":"<div class=\"container mx-auto max-w-4xl px-3 mt-28\">\n    \n\n<h1>Informativa sulla privacy<\/h1>\n\n\n\n<h2>Dichiarazione di protezione dei dati<\/h2>\n\n\n\n<p>SAS VALOMATEX (di seguito denominata VALOMATEX), con sede in 6 Rue de L&#8217;industrie 68126 Bennwihr-Gare e iscritta al Registro del Commercio e delle Imprese di Colmar con il numero 912 072 386, presenta la propria attivit\u00e0 sul proprio sito web.<\/p>\n\n\n\n<p>Per quanto riguarda la protezione dei dati personali, VALOMATEX \u00e8 soggetta agli obblighi generali relativi a questo sito web, nonch\u00e9 agli obblighi relativi alla sua professione.<\/p>\n\n\n\n<h2>Preambolo<\/h2>\n\n\n\n<p>I vostri dati personali saranno raccolti, trattati e utilizzati esclusivamente in conformit\u00e0 alla legge. Ove possibile, i nostri processi sono progettati per tenere conto dei requisiti di protezione dei dati.<\/p>\n\n\n\n<p>Una volta raccolti, VALOMATEX utilizza i dati personali per contattare il cliente o il potenziale cliente tramite il modulo di contatto e per tutte le richieste effettuate tramite il sito web: <a href=\"https:\/\/www.valomatex.com\/it\/\" target=\"_blank\" rel=\"noreferrer noopener\">https:\/\/www.valomatex.com<\/a>.<\/p>\n\n\n\n<h2>Fonti e dati utilizzati<\/h2>\n\n\n\n<p>Nell&#8217;ambito delle nostre relazioni con i clienti, trattiamo i dati personali che abbiamo ricevuto direttamente dagli utenti e dai clienti attraverso il sito.<\/p>\n\n\n\n<p>Registriamo i vostri dati che sono necessari per l&#8217;esecuzione della vostra richiesta di informazioni o delle vostre domande sulle nostre attivit\u00e0 e sui nostri prodotti. Vengono richieste solo le informazioni necessarie per elaborare la richiesta.<\/p>\n\n\n\n<h2>Finalit\u00e0 del trattamento e basi giuridiche<\/h2>\n\n\n\n<p>I vostri dati personali sono trattati in conformit\u00e0 alle disposizioni del Regolamento generale europeo sulla protezione dei dati (RGPD), della legge francese sulla protezione dei dati e del codice deontologico della professione.<\/p>\n\n\n\n<p>Per quanto riguarda l&#8217;adempimento degli obblighi contrattuali (art. 6 comma 1 b RGPD):<\/p>\n\n\n\n<p>I dati personali sono trattati nell&#8217;ambito delle attivit\u00e0 dell&#8217;azienda descritte nel sito web. Potete leggere ulteriori dettagli sulle finalit\u00e0 del trattamento dei dati nelle condizioni generali di contratto o chiedere al vostro interlocutore via e-mail (all&#8217;indirizzo contact@valomatex.com) o direttamente al momento della presentazione della richiesta.<\/p>\n\n\n\n<p>Nell&#8217;ambito della ponderazione degli interessi (art. 6 comma 1 f RGPD):<\/p>\n\n\n\n<p>Se necessario, trattiamo i vostri dati al di l\u00e0 dell&#8217;effettiva esecuzione della vostra consultazione del nostro sito, della vostra richiesta di informazioni o del vostro contratto con un fornitore, al fine di proteggere i nostri interessi. Ci\u00f2 include il controllo e l&#8217;ottimizzazione dei nostri obblighi di consulenza e la tracciabilit\u00e0 delle richieste dei clienti effettuate tramite il sito web, l&#8217;affermazione dei diritti legali e la difesa in caso di controversie legali, la garanzia della sicurezza informatica e del funzionamento informatico di VALOMATEX, la prevenzione e il chiarimento dei reati sulla base di un ordine di un&#8217;autorit\u00e0 pubblica e le misure di gestione aziendale proposte da VALOMATEX.<\/p>\n\n\n\n<p>Sulla base del vostro consenso (art. 6 comma 1 a RGPD):<\/p>\n\n\n\n<p>Nella misura in cui disponiamo del vostro consenso al trattamento dei vostri dati personali per finalit\u00e0 specifiche e nel rispetto del codice deontologico, la liceit\u00e0 di tale trattamento sulla base del vostro consenso \u00e8 garantita. Il consenso pu\u00f2 essere revocato in qualsiasi momento. La revoca del consenso non pregiudica la liceit\u00e0 del trattamento dei dati effettuato fino alla revoca.<\/p>\n\n\n\n<p>Per esigenze di legge (art. 6 comma 1 c RGPD) o di interesse pubblico (art. 6 comma 1 e RGPD):<\/p>\n\n\n\n<p>Ci\u00f2 include, ad esempio, la verifica dell&#8217;identit\u00e0 e dell&#8217;et\u00e0, la capacit\u00e0 di impegnare l&#8217;azienda che richiede le informazioni o che stipula il contratto, ecc. Se non spiegato in dettaglio qui di seguito, durante l&#8217;utilizzo di questo sito web non viene elaborato alcun dato personale in linea di principio, vale a dire che nessun dato viene registrato, modificato o trasmesso a terzi.<\/p>\n\n\n\n<h2>Modulo di contatto<\/h2>\n\n\n\n<p>Le informazioni raccolte in questo modulo possono essere registrate in un file elaborato da VALOMATEX a scopo di mailing informativo o, se ci autorizzate, per scopi commerciali. La base giuridica del trattamento \u00e8 dettagliata nella dichiarazione sulla protezione dei dati personali.<\/p>\n\n\n\n<p>I dati raccolti saranno utilizzati e archiviati in conformit\u00e0 al RGPD. Questi dati personali non saranno ceduti a terzi, n\u00e9 a titolo oneroso n\u00e9 a titolo gratuito.<\/p>\n\n\n\n<p>I dati vengono conservati per un massimo di 3 anni.<\/p>\n\n\n\n<p>Potete accedere ai vostri dati personali, rettificarli, chiederne la cancellazione o esercitare il diritto di limitare il trattamento dei vostri dati.<\/p>\n\n\n\n<p>Per ulteriori informazioni sui vostri diritti, visitate il sito cnil.fr.<\/p>\n\n\n\n<p>Per esercitare questi diritti o se avete domande sul trattamento dei vostri dati nell&#8217;ambito di questo schema, potete contattare i nostri servizi per ulteriori informazioni o per opporvi alla conservazione dei vostri dati personali.<\/p>\n\n\n\n<p>Se, dopo averci contattato, ritenete che i vostri diritti di &#8220;protezione dei dati&#8221; non siano stati rispettati, potete presentare un reclamo alla CNIL.<\/p>\n\n\n\n<h2>Scadenze per la registrazione<\/h2>\n\n\n\n<p>VALOMATEX elabora e conserva i vostri dati personali per il tempo necessario ad adempiere ai nostri obblighi contrattuali e legali. Se i dati non sono pi\u00f9 necessari per adempiere agli obblighi contrattuali o legali, saranno cancellati.<\/p>\n\n\n\n<h2>I vostri diritti in qualit\u00e0 di interessati<\/h2>\n\n\n\n<p>Qualsiasi persona interessata dal trattamento dei dati personali ha il diritto :<br\/>Informazioni (\u00a7 34 BDSG, art. 15 RGPD),<br\/>Correzione (art. 16 RGPD),<br\/>Cancellazione (\u00a7 35 BDSG, art. 17 RGPD),<br\/>Limitazione del trattamento (art. 18 RGPD),<br\/>Portabilit\u00e0 dei dati (art. 20 RGPD) e<br\/>Revoca (art. 21 RGPD).<\/p>\n\n\n\n<p>Tuttavia, al diritto all&#8217;informazione e alla cancellazione si applicano delle limitazioni (art. 23 RGPD). Esiste anche un diritto di ricorso a un&#8217;autorit\u00e0 di controllo della protezione dei dati competente (art. 77 RGPD).<\/p>\n\n\n\n<h2>Obbligo di fornire dati<\/h2>\n\n\n\n<p>Nell&#8217;ambito della vostra richiesta; della semplice consultazione del sito, del canvassing o della richiesta di informazioni effettuata sul sito, dovete fornirci i dati personali richiesti e necessari per l&#8217;adempimento dei relativi obblighi o che siamo legalmente obbligati a raccogliere. Senza questi dati, non saremo in grado di rispondere alla vostra richiesta o l&#8217;esercizio dei vostri diritti legali (ad esempio, le garanzie) sar\u00e0 compromesso.<\/p>\n\n\n\n<h2>Processo decisionale automatizzato e utilizzo personale del sito<\/h2>\n\n\n\n<p>Al fine di rispondere al meglio alla vostra richiesta, non utilizziamo un processo decisionale completamente automatizzato in conformit\u00e0 con l&#8217;art. 22 RGPD. Se utilizziamo queste procedure in casi particolari, ne sarete informati separatamente. Alcuni dei vostri dati vengono elaborati automaticamente per valutare alcuni aspetti dell&#8217;utilizzo personale del sito.<\/p>\n\n\n\n<h2>Raccolta di dati personali durante la visita al nostro sito web<\/h2>\n\n\n\n<p>Quando l&#8217;utente utilizza il sito web semplicemente a scopo informativo e non ci invia alcuna informazione in altro modo, raccogliamo solo i dati personali che il suo browser trasmette al nostro server. Quando visitate il nostro sito web, raccogliamo quindi i seguenti dati, che sono tecnicamente necessari per la visualizzazione del nostro sito web e per garantirne la stabilit\u00e0 e la sicurezza (la base giuridica \u00e8 l&#8217;art. 6 comma 1 frase 1 lettera f RGPD):<\/p>\n\n\n\n<ul>\n<li>Indirizzo IP<\/li>\n\n\n\n<li>Data e ora della richiesta<\/li>\n\n\n\n<li>Differenza di fuso orario rispetto all&#8217;ora di Greenwich (GMT)<\/li>\n\n\n\n<li>Contenuto della richiesta (pagina concreta)<\/li>\n\n\n\n<li>Codice di stato\/stato dell&#8217;accesso HTTP<\/li>\n\n\n\n<li>Volume di dati trasferiti<\/li>\n\n\n\n<li>Sito web da cui proviene la richiesta<\/li>\n\n\n\n<li>Browser<\/li>\n\n\n\n<li>Sistema operativo e interfaccia<\/li>\n\n\n\n<li>Lingua e versione del software di navigazione<\/li>\n\n\n\n<li>Pagine visualizzate.<\/li>\n<\/ul>\n\n\n\n<p>Oltre ai dati sopra menzionati, i cookie vengono memorizzati sul vostro computer quando utilizzate il nostro sito web. I cookie sono piccoli file di testo che vengono memorizzati sul disco rigido dell&#8217;utente, associati al browser utilizzato e attraverso i quali vengono inviate determinate informazioni all&#8217;autorit\u00e0 che ha impostato il cookie. Questo dispositivo viene utilizzato in particolare per analizzare le prestazioni del sito web utilizzando i cookie, che contribuiscono a migliorare il nostro sito web fornendoci statistiche complete sul numero di visitatori di una pagina, sulle aree di un sito che vengono consultate pi\u00f9 frequentemente e sulla citt\u00e0 o sulla posizione degli utenti. Questi possono essere installati da fornitori esterni di analisi da noi incaricati. Questi cookie non consentono di identificare personalmente l&#8217;utente. I cookie non possono lanciare programmi o trasmettere virus al vostro computer. Servono semplicemente a rendere l&#8217;offerta di Internet pi\u00f9 facile da usare ed efficace nel suo complesso. VALOMATEX utilizza i seguenti tipi di cookie: cookie temporanei e cookie permanenti.<\/p>\n\n\n\n<p>I cookie temporanei vengono eliminati automaticamente alla chiusura del browser. Questi registrano un ID di sessione con il quale le diverse richieste del browser possono essere assegnate alla stessa sessione. Il vostro computer pu\u00f2 quindi essere riconosciuto quando visitate nuovamente il nostro sito web. I cookie di sessione vengono eliminati quando si esce dal sito o si chiude il browser.<\/p>\n\n\n\n<p>I cookie permanenti vengono eliminati automaticamente dopo un periodo predeterminato, che pu\u00f2 variare a seconda del cookie. \u00c8 possibile eliminare i cookie in qualsiasi momento nelle impostazioni di sicurezza del browser.<\/p>\n\n\n\n<p>\u00c8 possibile configurare le impostazioni del browser in base alle proprie esigenze e ad esempio, rifiutare i cookie di terze parti o tutti i cookie. La maggior parte dei browser offre vari modi per proteggere la privacy. Ad esempio, \u00e8 possibile accettare i cookie proprietari, ma bloccare quelli di terze parti o essere informati ogni volta che un sito web vuole installare un cookie. Si noti che la disattivazione dei cookie in questo modo rende impossibile l&#8217;installazione di nuovi cookie. Le istruzioni su come gestire i cookie sono reperibili nella funzione Aiuto del browser o nel manuale d&#8217;uso dello smartphone o del prodotto di accesso a Internet fisso o mobile.<\/p>\n\n\n\n<h2>Informazioni sulla protezione dei dati sui plug-in sociali<\/h2>\n\n\n\n<p>Il nostro sito web non utilizza attualmente plug-in di social network (Twitter, Facebook, ecc.). Se questo dovesse cambiare in futuro, i social plug-in inizierebbero a trasferire i dati solo dopo l&#8217;attivazione dei pulsanti da parte dell&#8217;utente.<\/p>\n\n\n\n<h2>Informazioni sul vostro diritto di revoca ai sensi dell&#8217;art. 21 del Regolamento generale sulla protezione dei dati (GDPR)<\/h2>\n\n\n\n<p>L&#8217;utente pu\u00f2 revocare in qualsiasi momento il consenso al trattamento dei propri dati personali fornito a VALOMATEX. Si noti che la revoca ha effetto solo per il futuro. Il trattamento effettuato prima della revoca non \u00e8 interessato.<\/p>\n\n\n\n<p><em>Diritto di revoca caso per caso<\/em><\/p>\n\n\n\n<p>Per motivi legati alla vostra situazione particolare, avete il diritto di opporvi in qualsiasi momento al trattamento dei vostri dati personali in conformit\u00e0 all&#8217;art. 6, paragrafo 1, lettera e del RGPD (trattamento dei dati nell&#8217;interesse pubblico); ci\u00f2 vale anche per la profilazione basata su questa disposizione ai sensi dell&#8217;art. 4 n\u00b0 4 RGPD. Se vi opponete, non tratteremo pi\u00f9 i vostri dati personali, a meno che non possiamo giustificare motivi legittimi impellenti per il trattamento che prevalgono sui vostri interessi, diritti e libert\u00e0 o se il trattamento serve per l&#8217;istituzione, l&#8217;esercizio o la difesa di rivendicazioni legali.<\/p>\n\n\n\n<p>Se il trattamento dei vostri dati personali si basa su una ponderazione degli interessi, potete opporvi a tale trattamento. Se desiderate revocare il vostro consenso, vi preghiamo di spiegare perch\u00e9 non dovremmo pi\u00f9 trattare i vostri dati personali come abbiamo fatto in precedenza. In caso di revoca giustificata, esamineremo la situazione e interromperemo o adegueremo il trattamento dei vostri dati o vi spiegheremo i motivi validi e legittimi per cui dobbiamo continuare a trattare i vostri dati.<\/p>\n\n\n\n<p><em>Diritto di revoca del trattamento dei dati a fini di direct mail<\/em><\/p>\n\n\n\n<p>In casi particolari, trattiamo i vostri dati personali a fini di direct mailing. Avete il diritto di opporvi in qualsiasi momento al trattamento dei vostri dati personali ai fini di tale pubblicit\u00e0; ci\u00f2 vale anche per la profilazione, nella misura in cui \u00e8 legata a tale pubblicit\u00e0. Se vi opponete al trattamento per scopi di direct mailing, non tratteremo pi\u00f9 i vostri dati personali per questi scopi. La revoca non \u00e8 soggetta ad alcuna condizione formale e deve essere inviata, se possibile, a: contact@valomatex.com <\/p>\n\n\n\n<h2>Diritto di revoca (art. 21 RGPD)<\/h2>\n\n\n\n<p>Lei ha il diritto di opporsi in qualsiasi momento, per motivi connessi alla Sua situazione particolare, al trattamento dei Suoi dati personali, che viene effettuato in conformit\u00e0 all&#8217;art. 6 paragrafo 1 frase 1 e) RGPD o art. 6 paragrafo 1 frase 1 f) RGPD; ci\u00f2 vale anche per la profilazione basata su queste disposizioni. In tal caso non tratteremo pi\u00f9 i vostri dati personali per questi scopi, a meno che non possiamo giustificare motivi legittimi impellenti per tale trattamento che prevalgono sui vostri interessi, diritti e libert\u00e0 o se il trattamento serve a stabilire, esercitare o difendere rivendicazioni legali. Se i dati personali sono trattati ai fini di offerte commerciali o pubblicit\u00e0 mirate, avete il diritto di opporvi in qualsiasi momento al trattamento di tali dati personali ai fini di tale pubblicit\u00e0; ci\u00f2 vale anche per la profilazione, nella misura in cui \u00e8 collegata a tale pubblicit\u00e0.<\/p>\n\n\n\n<p>Potete comunicarci la vostra obiezione a (contact@valomatex.com)<\/p>\n\n\n<\/div>","protected":false},"excerpt":{"rendered":"","protected":false},"author":1,"featured_media":0,"parent":0,"menu_order":0,"comment_status":"closed","ping_status":"closed","template":"","meta":{"inline_featured_image":false},"acf":[],"yoast_head":"<!-- This site is optimized with the Yoast SEO plugin v20.3 - https:\/\/yoast.com\/wordpress\/plugins\/seo\/ -->\n<title>Informativa sulla privacy - Valomatex<\/title>\n<meta name=\"robots\" content=\"index, follow, max-snippet:-1, max-image-preview:large, max-video-preview:-1\" \/>\n<link rel=\"canonical\" href=\"https:\/\/www.valomatex.com\/it\/informativa-sulla-privacy\/\" \/>\n<meta property=\"og:locale\" content=\"it_IT\" \/>\n<meta property=\"og:type\" content=\"article\" \/>\n<meta property=\"og:title\" content=\"Informativa sulla privacy - Valomatex\" \/>\n<meta property=\"og:url\" content=\"https:\/\/www.valomatex.com\/it\/informativa-sulla-privacy\/\" \/>\n<meta property=\"og:site_name\" content=\"Valomatex\" \/>\n<meta property=\"article:modified_time\" content=\"2024-02-01T09:32:46+00:00\" \/>\n<meta name=\"twitter:card\" content=\"summary_large_image\" \/>\n<meta name=\"twitter:label1\" content=\"Est. reading time\" \/>\n\t<meta name=\"twitter:data1\" content=\"10 minutes\" \/>\n<script type=\"application\/ld+json\" class=\"yoast-schema-graph\">{\"@context\":\"https:\/\/schema.org\",\"@graph\":[{\"@type\":\"WebPage\",\"@id\":\"https:\/\/www.valomatex.com\/it\/informativa-sulla-privacy\/\",\"url\":\"https:\/\/www.valomatex.com\/it\/informativa-sulla-privacy\/\",\"name\":\"Informativa sulla privacy - Valomatex\",\"isPartOf\":{\"@id\":\"https:\/\/www.valomatex.com\/it\/#website\"},\"datePublished\":\"2024-01-30T09:07:42+00:00\",\"dateModified\":\"2024-02-01T09:32:46+00:00\",\"inLanguage\":\"it-IT\",\"potentialAction\":[{\"@type\":\"ReadAction\",\"target\":[\"https:\/\/www.valomatex.com\/it\/informativa-sulla-privacy\/\"]}]},{\"@type\":\"WebSite\",\"@id\":\"https:\/\/www.valomatex.com\/it\/#website\",\"url\":\"https:\/\/www.valomatex.com\/it\/\",\"name\":\"Valomatex\",\"description\":\"Une place centrale dans l&#039;\u00e9conomie circulaire\",\"potentialAction\":[{\"@type\":\"SearchAction\",\"target\":{\"@type\":\"EntryPoint\",\"urlTemplate\":\"https:\/\/www.valomatex.com\/it\/?s={search_term_string}\"},\"query-input\":\"required name=search_term_string\"}],\"inLanguage\":\"it-IT\"}]}<\/script>\n<!-- \/ Yoast SEO plugin. -->","yoast_head_json":{"title":"Informativa sulla privacy - Valomatex","robots":{"index":"index","follow":"follow","max-snippet":"max-snippet:-1","max-image-preview":"max-image-preview:large","max-video-preview":"max-video-preview:-1"},"canonical":"https:\/\/www.valomatex.com\/it\/informativa-sulla-privacy\/","og_locale":"it_IT","og_type":"article","og_title":"Informativa sulla privacy - Valomatex","og_url":"https:\/\/www.valomatex.com\/it\/informativa-sulla-privacy\/","og_site_name":"Valomatex","article_modified_time":"2024-02-01T09:32:46+00:00","twitter_card":"summary_large_image","twitter_misc":{"Est. reading time":"10 minutes"},"schema":{"@context":"https:\/\/schema.org","@graph":[{"@type":"WebPage","@id":"https:\/\/www.valomatex.com\/it\/informativa-sulla-privacy\/","url":"https:\/\/www.valomatex.com\/it\/informativa-sulla-privacy\/","name":"Informativa sulla privacy - Valomatex","isPartOf":{"@id":"https:\/\/www.valomatex.com\/it\/#website"},"datePublished":"2024-01-30T09:07:42+00:00","dateModified":"2024-02-01T09:32:46+00:00","inLanguage":"it-IT","potentialAction":[{"@type":"ReadAction","target":["https:\/\/www.valomatex.com\/it\/informativa-sulla-privacy\/"]}]},{"@type":"WebSite","@id":"https:\/\/www.valomatex.com\/it\/#website","url":"https:\/\/www.valomatex.com\/it\/","name":"Valomatex","description":"Une place centrale dans l&#039;\u00e9conomie circulaire","potentialAction":[{"@type":"SearchAction","target":{"@type":"EntryPoint","urlTemplate":"https:\/\/www.valomatex.com\/it\/?s={search_term_string}"},"query-input":"required name=search_term_string"}],"inLanguage":"it-IT"}]}},"_links":{"self":[{"href":"https:\/\/www.valomatex.com\/it\/wp-json\/wp\/v2\/pages\/526"}],"collection":[{"href":"https:\/\/www.valomatex.com\/it\/wp-json\/wp\/v2\/pages"}],"about":[{"href":"https:\/\/www.valomatex.com\/it\/wp-json\/wp\/v2\/types\/page"}],"author":[{"embeddable":true,"href":"https:\/\/www.valomatex.com\/it\/wp-json\/wp\/v2\/users\/1"}],"replies":[{"embeddable":true,"href":"https:\/\/www.valomatex.com\/it\/wp-json\/wp\/v2\/comments?post=526"}],"version-history":[{"count":1,"href":"https:\/\/www.valomatex.com\/it\/wp-json\/wp\/v2\/pages\/526\/revisions"}],"predecessor-version":[{"id":527,"href":"https:\/\/www.valomatex.com\/it\/wp-json\/wp\/v2\/pages\/526\/revisions\/527"}],"wp:attachment":[{"href":"https:\/\/www.valomatex.com\/it\/wp-json\/wp\/v2\/media?parent=526"}],"curies":[{"name":"wp","href":"https:\/\/api.w.org\/{rel}","templated":true}]}}